{"id":3,"date":"2020-07-23T14:11:00","date_gmt":"2020-07-23T12:11:00","guid":{"rendered":"https:\/\/laurentwinkin.be\/?page_id=3"},"modified":"2020-08-12T08:51:07","modified_gmt":"2020-08-12T06:51:07","slug":"vie-privee","status":"publish","type":"page","link":"https:\/\/laurentwinkin.be\/index.php\/vie-privee\/","title":{"rendered":"Vie priv\u00e9e"},"content":{"rendered":"<p><\/p>\r\n<p>Ce site internet est g\u00e9r\u00e9 par Laurent WINKIN et a \u00e9t\u00e9 d\u00e9velopp\u00e9 par <a href=\"http:\/\/www.pepscommunication.be\" target=\"_blank\" rel=\"noopener noreferrer\">Peps Communication<\/a>.<br \/>Aucune donn\u00e9e \u00e0 caract\u00e8re personnel n\u2019est trait\u00e9e dans le cadre de son fonctionnement.<br \/>Aucun cookies n\u2019est enregistr\u00e9.<\/p>\r\n<p><\/p>","protected":false},"excerpt":{"rendered":"<p>Ce site internet est g\u00e9r\u00e9 par Laurent WINKIN et a \u00e9t\u00e9 d\u00e9velopp\u00e9 par Peps Communication.Aucune donn\u00e9e \u00e0 caract\u00e8re personnel n\u2019est trait\u00e9e dans le cadre de son fonctionnement.Aucun cookies n\u2019est enregistr\u00e9.<\/p>\n","protected":false},"author":1,"featured_media":0,"parent":0,"menu_order":0,"comment_status":"closed","ping_status":"open","template":"","meta":{"footnotes":""},"class_list":["post-3","page","type-page","status-publish","hentry"],"_links":{"self":[{"href":"https:\/\/laurentwinkin.be\/index.php\/wp-json\/wp\/v2\/pages\/3","targetHints":{"allow":["GET"]}}],"collection":[{"href":"https:\/\/laurentwinkin.be\/index.php\/wp-json\/wp\/v2\/pages"}],"about":[{"href":"https:\/\/laurentwinkin.be\/index.php\/wp-json\/wp\/v2\/types\/page"}],"author":[{"embeddable":true,"href":"https:\/\/laurentwinkin.be\/index.php\/wp-json\/wp\/v2\/users\/1"}],"replies":[{"embeddable":true,"href":"https:\/\/laurentwinkin.be\/index.php\/wp-json\/wp\/v2\/comments?post=3"}],"version-history":[{"count":2,"href":"https:\/\/laurentwinkin.be\/index.php\/wp-json\/wp\/v2\/pages\/3\/revisions"}],"predecessor-version":[{"id":543,"href":"https:\/\/laurentwinkin.be\/index.php\/wp-json\/wp\/v2\/pages\/3\/revisions\/543"}],"wp:attachment":[{"href":"https:\/\/laurentwinkin.be\/index.php\/wp-json\/wp\/v2\/media?parent=3"}],"curies":[{"name":"wp","href":"https:\/\/api.w.org\/{rel}","templated":true}]}}